{"id":2271,"date":"2023-09-15T13:12:24","date_gmt":"2023-09-15T13:12:24","guid":{"rendered":"https:\/\/psicomotpediatrica.com\/qui-suis-je\/"},"modified":"2024-01-02T12:35:40","modified_gmt":"2024-01-02T12:35:40","slug":"qui-suis-je","status":"publish","type":"page","link":"https:\/\/psicomotpediatrica.com\/fr\/qui-suis-je\/","title":{"rendered":"Qui suis-je?"},"content":{"rendered":"\t\t<div data-elementor-type=\"wp-page\" data-elementor-id=\"2271\" class=\"elementor elementor-2271 elementor-658\" data-elementor-post-type=\"page\">\n\t\t\t\t<div class=\"elementor-element elementor-element-30e6f902 e-con-full e-flex e-con e-parent\" data-id=\"30e6f902\" data-element_type=\"container\" data-e-type=\"container\" data-settings=\"{&quot;background_background&quot;:&quot;classic&quot;}\">\n\t\t\t\t<div class=\"elementor-element elementor-element-20f33aa6 elementor-widget elementor-widget-heading\" data-id=\"20f33aa6\" data-element_type=\"widget\" data-e-type=\"widget\" data-widget_type=\"heading.default\">\n\t\t\t\t<div class=\"elementor-widget-container\">\n\t\t\t\t\t<h2 class=\"elementor-heading-title elementor-size-default\">Qui suis-je?<\/h2>\t\t\t\t<\/div>\n\t\t\t\t<\/div>\n\t\t\t\t<\/div>\n\t\t<div class=\"elementor-element elementor-element-4f994ec4 e-con-full e-flex e-con e-parent\" data-id=\"4f994ec4\" data-element_type=\"container\" data-e-type=\"container\" data-settings=\"{&quot;background_background&quot;:&quot;classic&quot;}\">\n\t\t<div class=\"elementor-element elementor-element-77c1535 e-con-full e-flex e-con e-child\" data-id=\"77c1535\" data-element_type=\"container\" data-e-type=\"container\" data-settings=\"{&quot;background_background&quot;:&quot;classic&quot;}\">\n\t\t\t\t<div class=\"elementor-element elementor-element-6bc0cfc1 elementor-widget elementor-widget-heading\" data-id=\"6bc0cfc1\" data-element_type=\"widget\" data-e-type=\"widget\" data-widget_type=\"heading.default\">\n\t\t\t\t<div class=\"elementor-widget-container\">\n\t\t\t\t\t<h1 class=\"elementor-heading-title elementor-size-default\">Sophia Skalli<\/h1>\t\t\t\t<\/div>\n\t\t\t\t<\/div>\n\t\t\t\t<div class=\"elementor-element elementor-element-52059710 elementor-widget elementor-widget-text-editor\" data-id=\"52059710\" data-element_type=\"widget\" data-e-type=\"widget\" data-widget_type=\"text-editor.default\">\n\t\t\t\t<div class=\"elementor-widget-container\">\n\t\t\t\t\t\t\t\t\t<p>Je m\u2019appelle Sophia et je suis psychomotricienne. Deux de mes passions? Le d\u00e9veloppement des b\u00e9b\u00e9s et le mouvement. Avec plus de 11 ans d\u2019exp\u00e9rience clinique en unit\u00e9 n\u00e9onatale\/p\u00e9diatriques, lib\u00e9ral et foyer d\u2019accueils pour b\u00e9b\u00e9 en processus d\u2019adoption, je me suis sp\u00e9cialis\u00e9e dans le soin des b\u00e9b\u00e9s et enfants pr\u00e9matur\u00e9s, mais j\u2019accompagne \u00e9galement les enfants dans leur d\u00e9veloppement jusqu\u2019\u00e0 l\u2019\u00e2ge adulte. Un autre champ fondamental de mon travail est l\u2019accompagnement \u00e0 la parentalit\u00e9.<\/p>\n\t\t\t\t\t\t\t\t<\/div>\n\t\t\t\t<\/div>\n\t\t\t\t<div class=\"elementor-element elementor-element-5df7bd5f elementor-widget elementor-widget-text-editor\" data-id=\"5df7bd5f\" data-element_type=\"widget\" data-e-type=\"widget\" data-widget_type=\"text-editor.default\">\n\t\t\t\t<div class=\"elementor-widget-container\">\n\t\t\t\t\t\t\t\t\t<p>J\u2019ai une vision globale de l\u2019enfant et je crois indispensable d\u2019inclure la famille dans la prise en soins. J\u2019accompagne aussi bien les enfants avec un simple retard de d\u00e9veloppement que les enfants avec des pathologies complexes. Mon travail consiste \u00e0 prendre en soins tous les aspects qui influencent le d\u00e9veloppement (tant sur le plan sensoriel, que moteur, cognitif et \u00e9motionnel) en les mettant en lien. Pour moi, la psychomotricit\u00e9 c\u2019est aider le patient \u00e0 harmoniser son fonctionnement en me basant sur ses propres ressources corporelles pour l\u2019amener vers un mieux-\u00eatre.<\/p>\n\t\t\t\t\t\t\t\t<\/div>\n\t\t\t\t<\/div>\n\t\t\t\t<div class=\"elementor-element elementor-element-a145cdf elementor-widget elementor-widget-text-editor\" data-id=\"a145cdf\" data-element_type=\"widget\" data-e-type=\"widget\" data-widget_type=\"text-editor.default\">\n\t\t\t\t<div class=\"elementor-widget-container\">\n\t\t\t\t\t\t\t\t\t<p>J\u2019ai \u00e9tudi\u00e9 et je suis dipl\u00f4m\u00e9e en psychomotricit\u00e9 comme professionnelle de sant\u00e9 en France (Institut Sup\u00e9rieur de R\u00e9\u00e9ducation Psychomotrice Paris) en 2012. En 2019 j\u2019ai obtenu un double dipl\u00f4me d\u2019Experte en Psychomotricit\u00e9, et un Master International en Psychomotricit\u00e9. Pour compl\u00e9ter ma formation je me suis \u00e9galement form\u00e9e en massoth\u00e9rapie et en portage physiologique appliqu\u00e9 \u00e0 la sant\u00e9 materno-infantile.<\/p>\n\t\t\t\t\t\t\t\t<\/div>\n\t\t\t\t<\/div>\n\t\t\t\t<div class=\"elementor-element elementor-element-33d7c382 elementor-align-left elementor-widget elementor-widget-button\" data-id=\"33d7c382\" data-element_type=\"widget\" data-e-type=\"widget\" data-widget_type=\"button.default\">\n\t\t\t\t<div class=\"elementor-widget-container\">\n\t\t\t\t\t\t\t\t\t<div class=\"elementor-button-wrapper\">\n\t\t\t\t\t<a class=\"elementor-button elementor-button-link elementor-size-sm\" href=\"https:\/\/www.linkedin.com\/in\/sophia-skalli-6663aa66\/\">\n\t\t\t\t\t\t<span class=\"elementor-button-content-wrapper\">\n\t\t\t\t\t\t<span class=\"elementor-button-icon\">\n\t\t\t\t<i aria-hidden=\"true\" class=\"fab fa-linkedin-in\"><\/i>\t\t\t<\/span>\n\t\t\t\t\t\t\t\t\t<span class=\"elementor-button-text\">Linkedin<\/span>\n\t\t\t\t\t<\/span>\n\t\t\t\t\t<\/a>\n\t\t\t\t<\/div>\n\t\t\t\t\t\t\t\t<\/div>\n\t\t\t\t<\/div>\n\t\t\t\t<\/div>\n\t\t<div class=\"elementor-element elementor-element-3a908196 e-con-full e-flex e-con e-child\" data-id=\"3a908196\" data-element_type=\"container\" data-e-type=\"container\" data-settings=\"{&quot;background_background&quot;:&quot;classic&quot;}\">\n\t\t<div class=\"elementor-element elementor-element-63cf31b3 e-flex e-con-boxed e-con e-child\" data-id=\"63cf31b3\" data-element_type=\"container\" data-e-type=\"container\">\n\t\t\t\t\t<div class=\"e-con-inner\">\n\t\t\t\t<div class=\"elementor-element elementor-element-79e414d7 elementor-widget elementor-widget-image\" data-id=\"79e414d7\" data-element_type=\"widget\" data-e-type=\"widget\" data-widget_type=\"image.default\">\n\t\t\t\t<div class=\"elementor-widget-container\">\n\t\t\t\t\t\t\t\t\t\t\t\t\t\t\t<img fetchpriority=\"high\" decoding=\"async\" width=\"962\" height=\"1100\" src=\"https:\/\/psicomotpediatrica.com\/wp-content\/uploads\/2023\/09\/sophia-2.jpg\" class=\"attachment-full size-full wp-image-1494\" alt=\"\" srcset=\"https:\/\/psicomotpediatrica.com\/wp-content\/uploads\/2023\/09\/sophia-2.jpg 962w, https:\/\/psicomotpediatrica.com\/wp-content\/uploads\/2023\/09\/sophia-2-262x300.jpg 262w, https:\/\/psicomotpediatrica.com\/wp-content\/uploads\/2023\/09\/sophia-2-896x1024.jpg 896w, https:\/\/psicomotpediatrica.com\/wp-content\/uploads\/2023\/09\/sophia-2-768x878.jpg 768w\" sizes=\"(max-width: 962px) 100vw, 962px\" \/>\t\t\t\t\t\t\t\t\t\t\t\t\t\t\t<\/div>\n\t\t\t\t<\/div>\n\t\t\t\t\t<\/div>\n\t\t\t\t<\/div>\n\t\t\t\t<\/div>\n\t\t\t\t<\/div>\n\t\t<div class=\"elementor-element elementor-element-60baa11 e-flex e-con-boxed e-con e-parent\" data-id=\"60baa11\" data-element_type=\"container\" data-e-type=\"container\" data-settings=\"{&quot;background_background&quot;:&quot;classic&quot;}\">\n\t\t\t\t\t<div class=\"e-con-inner\">\n\t\t\t\t<div class=\"elementor-element elementor-element-ec5987d elementor-widget elementor-widget-text-editor\" data-id=\"ec5987d\" data-element_type=\"widget\" data-e-type=\"widget\" data-widget_type=\"text-editor.default\">\n\t\t\t\t<div class=\"elementor-widget-container\">\n\t\t\t\t\t\t\t\t\t<p>\u00ab Il ne faut jamais perdre de vue que les premiers moyens privil\u00e9gi\u00e9s d\u2019expression avec un b\u00e9b\u00e9 passent par le corps et les mouvements. Ceux-ci s\u2019inscrivent dans une communication pr\u00e9verbale sensorielle et \u00e9motionnelle o\u00f9 le nouveau-n\u00e9 est \u00e0 la fois r\u00e9cepteur, acteur et spectateur. C\u2019est l\u00e0 que s\u2019instaure un dialogue corporel charg\u00e9 d\u2019affects et, bien s\u00fbr, de sens \u00bb<\/p>\n\t\t\t\t\t\t\t\t<\/div>\n\t\t\t\t<\/div>\n\t\t\t\t<div class=\"elementor-element elementor-element-b967957 elementor-widget elementor-widget-text-editor\" data-id=\"b967957\" data-element_type=\"widget\" data-e-type=\"widget\" data-widget_type=\"text-editor.default\">\n\t\t\t\t<div class=\"elementor-widget-container\">\n\t\t\t\t\t\t\t\t\t<p> Laurence Vaivre Douret<\/p>\n\t\t\t\t\t\t\t\t<\/div>\n\t\t\t\t<\/div>\n\t\t\t\t\t<\/div>\n\t\t\t\t<\/div>\n\t\t<div class=\"elementor-element elementor-element-391d1691 e-flex e-con-boxed e-con e-parent\" data-id=\"391d1691\" data-element_type=\"container\" data-e-type=\"container\" data-settings=\"{&quot;background_background&quot;:&quot;classic&quot;}\">\n\t\t\t\t\t<div class=\"e-con-inner\">\n\t\t\t\t<div class=\"elementor-element elementor-element-66728752 elementor-widget elementor-widget-heading\" data-id=\"66728752\" data-element_type=\"widget\" data-e-type=\"widget\" data-widget_type=\"heading.default\">\n\t\t\t\t<div class=\"elementor-widget-container\">\n\t\t\t\t\t<h1 class=\"elementor-heading-title elementor-size-default\">Vous avez des doutes?<\/h1>\t\t\t\t<\/div>\n\t\t\t\t<\/div>\n\t\t\t\t<div class=\"elementor-element elementor-element-37185b14 elementor-widget elementor-widget-text-editor\" data-id=\"37185b14\" data-element_type=\"widget\" data-e-type=\"widget\" data-widget_type=\"text-editor.default\">\n\t\t\t\t<div class=\"elementor-widget-container\">\n\t\t\t\t\t\t\t\t\t<p>Contactez-moi si vous avez des doutes ou questions<\/p>\n\t\t\t\t\t\t\t\t<\/div>\n\t\t\t\t<\/div>\n\t\t\t\t<div class=\"elementor-element elementor-element-428d93d elementor-align-center elementor-widget elementor-widget-button\" data-id=\"428d93d\" data-element_type=\"widget\" data-e-type=\"widget\" data-widget_type=\"button.default\">\n\t\t\t\t<div class=\"elementor-widget-container\">\n\t\t\t\t\t\t\t\t\t<div class=\"elementor-button-wrapper\">\n\t\t\t\t\t<a class=\"elementor-button elementor-button-link elementor-size-sm\" href=\"https:\/\/psicomotpediatrica.com\/fr\/contact\/\">\n\t\t\t\t\t\t<span class=\"elementor-button-content-wrapper\">\n\t\t\t\t\t\t\t\t\t<span class=\"elementor-button-text\">contact<\/span>\n\t\t\t\t\t<\/span>\n\t\t\t\t\t<\/a>\n\t\t\t\t<\/div>\n\t\t\t\t\t\t\t\t<\/div>\n\t\t\t\t<\/div>\n\t\t\t\t\t<\/div>\n\t\t\t\t<\/div>\n\t\t\t\t<\/div>\n\t\t","protected":false},"excerpt":{"rendered":"<p>Qui suis-je? Sophia Skalli Je m\u2019appelle Sophia et je suis psychomotricienne. Deux de mes passions? Le d\u00e9veloppement des b\u00e9b\u00e9s et le mouvement. Avec plus de 11 ans d\u2019exp\u00e9rience clinique en unit\u00e9 n\u00e9onatale\/p\u00e9diatriques, lib\u00e9ral et foyer d\u2019accueils pour b\u00e9b\u00e9 en processus d\u2019adoption, je me suis sp\u00e9cialis\u00e9e dans le soin des b\u00e9b\u00e9s et enfants pr\u00e9matur\u00e9s, mais j\u2019accompagne [&hellip;]<\/p>\n","protected":false},"author":1,"featured_media":0,"parent":0,"menu_order":0,"comment_status":"closed","ping_status":"closed","template":"elementor_header_footer","meta":{"footnotes":""},"class_list":["post-2271","page","type-page","status-publish","hentry"],"_links":{"self":[{"href":"https:\/\/psicomotpediatrica.com\/fr\/wp-json\/wp\/v2\/pages\/2271","targetHints":{"allow":["GET"]}}],"collection":[{"href":"https:\/\/psicomotpediatrica.com\/fr\/wp-json\/wp\/v2\/pages"}],"about":[{"href":"https:\/\/psicomotpediatrica.com\/fr\/wp-json\/wp\/v2\/types\/page"}],"author":[{"embeddable":true,"href":"https:\/\/psicomotpediatrica.com\/fr\/wp-json\/wp\/v2\/users\/1"}],"replies":[{"embeddable":true,"href":"https:\/\/psicomotpediatrica.com\/fr\/wp-json\/wp\/v2\/comments?post=2271"}],"version-history":[{"count":7,"href":"https:\/\/psicomotpediatrica.com\/fr\/wp-json\/wp\/v2\/pages\/2271\/revisions"}],"predecessor-version":[{"id":2303,"href":"https:\/\/psicomotpediatrica.com\/fr\/wp-json\/wp\/v2\/pages\/2271\/revisions\/2303"}],"wp:attachment":[{"href":"https:\/\/psicomotpediatrica.com\/fr\/wp-json\/wp\/v2\/media?parent=2271"}],"curies":[{"name":"wp","href":"https:\/\/api.w.org\/{rel}","templated":true}]}}