{"id":2355,"date":"2023-09-15T13:12:24","date_gmt":"2023-09-15T13:12:24","guid":{"rendered":"https:\/\/psicomotpediatrica.com\/who-am-i\/"},"modified":"2024-01-09T18:09:04","modified_gmt":"2024-01-09T18:09:04","slug":"who-am-i","status":"publish","type":"page","link":"https:\/\/psicomotpediatrica.com\/en\/who-am-i\/","title":{"rendered":"Who am i?"},"content":{"rendered":"\t\t<div data-elementor-type=\"wp-page\" data-elementor-id=\"2355\" class=\"elementor elementor-2355 elementor-658\" data-elementor-post-type=\"page\">\n\t\t\t\t<div class=\"elementor-element elementor-element-30e6f902 e-con-full e-flex e-con e-parent\" data-id=\"30e6f902\" data-element_type=\"container\" data-e-type=\"container\" data-settings=\"{&quot;background_background&quot;:&quot;classic&quot;}\">\n\t\t\t\t<div class=\"elementor-element elementor-element-20f33aa6 elementor-widget elementor-widget-heading\" data-id=\"20f33aa6\" data-element_type=\"widget\" data-e-type=\"widget\" data-widget_type=\"heading.default\">\n\t\t\t\t<div class=\"elementor-widget-container\">\n\t\t\t\t\t<h2 class=\"elementor-heading-title elementor-size-default\">Who am i?<\/h2>\t\t\t\t<\/div>\n\t\t\t\t<\/div>\n\t\t\t\t<\/div>\n\t\t<div class=\"elementor-element elementor-element-4f994ec4 e-con-full e-flex e-con e-parent\" data-id=\"4f994ec4\" data-element_type=\"container\" data-e-type=\"container\" data-settings=\"{&quot;background_background&quot;:&quot;classic&quot;}\">\n\t\t<div class=\"elementor-element elementor-element-77c1535 e-con-full e-flex e-con e-child\" data-id=\"77c1535\" data-element_type=\"container\" data-e-type=\"container\" data-settings=\"{&quot;background_background&quot;:&quot;classic&quot;}\">\n\t\t\t\t<div class=\"elementor-element elementor-element-6bc0cfc1 elementor-widget elementor-widget-heading\" data-id=\"6bc0cfc1\" data-element_type=\"widget\" data-e-type=\"widget\" data-widget_type=\"heading.default\">\n\t\t\t\t<div class=\"elementor-widget-container\">\n\t\t\t\t\t<h1 class=\"elementor-heading-title elementor-size-default\">Sophia Skalli<\/h1>\t\t\t\t<\/div>\n\t\t\t\t<\/div>\n\t\t\t\t<div class=\"elementor-element elementor-element-52059710 elementor-widget elementor-widget-text-editor\" data-id=\"52059710\" data-element_type=\"widget\" data-e-type=\"widget\" data-widget_type=\"text-editor.default\">\n\t\t\t\t<div class=\"elementor-widget-container\">\n\t\t\t\t\t\t\t\t\t<p>&#8220;My name is Sophia and I am a psychomotor therapist. Two of my passions are baby development and movement. With over 11 years of clinical experience in neonatal and pediatric units, private consultations and foster homes for babies, I have specialized in infants, including premature babies, but also work with children in their development through to adulthood. Another crucial aspect of my work is supporting parents in the parenting process.<\/p>\n\t\t\t\t\t\t\t\t<\/div>\n\t\t\t\t<\/div>\n\t\t\t\t<div class=\"elementor-element elementor-element-5df7bd5f elementor-widget elementor-widget-text-editor\" data-id=\"5df7bd5f\" data-element_type=\"widget\" data-e-type=\"widget\" data-widget_type=\"text-editor.default\">\n\t\t\t\t<div class=\"elementor-widget-container\">\n\t\t\t\t\t\t\t\t\t<p>I take a holistic view of the child and believe that involving their family in their development is crucial. I provide guidance to both children with simple developmental delays and those with complex pathologies. My work involves addressing all the influential aspects of their development, including sensory, motor, cognitive and emotional. For me, psychomotor care is about harmonizing the patient&#8217;s functioning based on their own bodily resources to lead them toward improved well-being.<\/p>\n\t\t\t\t\t\t\t\t<\/div>\n\t\t\t\t<\/div>\n\t\t\t\t<div class=\"elementor-element elementor-element-a145cdf elementor-widget elementor-widget-text-editor\" data-id=\"a145cdf\" data-element_type=\"widget\" data-e-type=\"widget\" data-widget_type=\"text-editor.default\">\n\t\t\t\t<div class=\"elementor-widget-container\">\n\t\t\t\t\t\t\t\t\t<p>I studied and graduated as a psychomotor therapist, a healthcare professional in 2012 in France (Institut Sup\u00e9rieur de R\u00e9\u00e9ducation Psychomotrice Paris). In 2019, I obtained a double diploma as an Expert in Psychomotricity, along with an internationally-focused Master&#8217;s degree in Psychomotricity. To further enhance my qualifications, I also became a certified masseuse and received training in ergonomic babywearing in maternal and child health.<\/p>\n\t\t\t\t\t\t\t\t<\/div>\n\t\t\t\t<\/div>\n\t\t\t\t<div class=\"elementor-element elementor-element-33d7c382 elementor-align-left elementor-widget elementor-widget-button\" data-id=\"33d7c382\" data-element_type=\"widget\" data-e-type=\"widget\" data-widget_type=\"button.default\">\n\t\t\t\t<div class=\"elementor-widget-container\">\n\t\t\t\t\t\t\t\t\t<div class=\"elementor-button-wrapper\">\n\t\t\t\t\t<a class=\"elementor-button elementor-button-link elementor-size-sm\" href=\"https:\/\/www.linkedin.com\/in\/sophia-skalli-6663aa66\/\">\n\t\t\t\t\t\t<span class=\"elementor-button-content-wrapper\">\n\t\t\t\t\t\t<span class=\"elementor-button-icon\">\n\t\t\t\t<i aria-hidden=\"true\" class=\"fab fa-linkedin-in\"><\/i>\t\t\t<\/span>\n\t\t\t\t\t\t\t\t\t<span class=\"elementor-button-text\">Linkedin<\/span>\n\t\t\t\t\t<\/span>\n\t\t\t\t\t<\/a>\n\t\t\t\t<\/div>\n\t\t\t\t\t\t\t\t<\/div>\n\t\t\t\t<\/div>\n\t\t\t\t<\/div>\n\t\t<div class=\"elementor-element elementor-element-3a908196 e-con-full e-flex e-con e-child\" data-id=\"3a908196\" data-element_type=\"container\" data-e-type=\"container\" data-settings=\"{&quot;background_background&quot;:&quot;classic&quot;}\">\n\t\t<div class=\"elementor-element elementor-element-63cf31b3 e-flex e-con-boxed e-con e-child\" data-id=\"63cf31b3\" data-element_type=\"container\" data-e-type=\"container\">\n\t\t\t\t\t<div class=\"e-con-inner\">\n\t\t\t\t<div class=\"elementor-element elementor-element-79e414d7 elementor-widget elementor-widget-image\" data-id=\"79e414d7\" data-element_type=\"widget\" data-e-type=\"widget\" data-widget_type=\"image.default\">\n\t\t\t\t<div class=\"elementor-widget-container\">\n\t\t\t\t\t\t\t\t\t\t\t\t\t\t\t<img fetchpriority=\"high\" decoding=\"async\" width=\"962\" height=\"1100\" src=\"https:\/\/psicomotpediatrica.com\/wp-content\/uploads\/2023\/09\/sophia-2.jpg\" class=\"attachment-full size-full wp-image-1493\" alt=\"\" srcset=\"https:\/\/psicomotpediatrica.com\/wp-content\/uploads\/2023\/09\/sophia-2.jpg 962w, https:\/\/psicomotpediatrica.com\/wp-content\/uploads\/2023\/09\/sophia-2-262x300.jpg 262w, https:\/\/psicomotpediatrica.com\/wp-content\/uploads\/2023\/09\/sophia-2-896x1024.jpg 896w, https:\/\/psicomotpediatrica.com\/wp-content\/uploads\/2023\/09\/sophia-2-768x878.jpg 768w\" sizes=\"(max-width: 962px) 100vw, 962px\" \/>\t\t\t\t\t\t\t\t\t\t\t\t\t\t\t<\/div>\n\t\t\t\t<\/div>\n\t\t\t\t\t<\/div>\n\t\t\t\t<\/div>\n\t\t\t\t<\/div>\n\t\t\t\t<\/div>\n\t\t<div class=\"elementor-element elementor-element-60baa11 e-flex e-con-boxed e-con e-parent\" data-id=\"60baa11\" data-element_type=\"container\" data-e-type=\"container\" data-settings=\"{&quot;background_background&quot;:&quot;classic&quot;}\">\n\t\t\t\t\t<div class=\"e-con-inner\">\n\t\t\t\t<div class=\"elementor-element elementor-element-ec5987d elementor-widget elementor-widget-text-editor\" data-id=\"ec5987d\" data-element_type=\"widget\" data-e-type=\"widget\" data-widget_type=\"text-editor.default\">\n\t\t\t\t<div class=\"elementor-widget-container\">\n\t\t\t\t\t\t\t\t\t<p>&#8220;Never forget that a baby&#8217;s primary means of expression are through the body and movements. These means are part of a pre-verbal sensory communication, where the newborn is both a receiver and a protagonist as well as an observer. Here, a bodily dialogue filled with affection and, of course, meaning is established.&#8221;<\/p>\n\t\t\t\t\t\t\t\t<\/div>\n\t\t\t\t<\/div>\n\t\t\t\t<div class=\"elementor-element elementor-element-b967957 elementor-widget elementor-widget-text-editor\" data-id=\"b967957\" data-element_type=\"widget\" data-e-type=\"widget\" data-widget_type=\"text-editor.default\">\n\t\t\t\t<div class=\"elementor-widget-container\">\n\t\t\t\t\t\t\t\t\t<p> Laurence Vaivre Douret<\/p>\n\t\t\t\t\t\t\t\t<\/div>\n\t\t\t\t<\/div>\n\t\t\t\t\t<\/div>\n\t\t\t\t<\/div>\n\t\t<div class=\"elementor-element elementor-element-391d1691 e-flex e-con-boxed e-con e-parent\" data-id=\"391d1691\" data-element_type=\"container\" data-e-type=\"container\" data-settings=\"{&quot;background_background&quot;:&quot;classic&quot;}\">\n\t\t\t\t\t<div class=\"e-con-inner\">\n\t\t\t\t<div class=\"elementor-element elementor-element-66728752 elementor-widget elementor-widget-heading\" data-id=\"66728752\" data-element_type=\"widget\" data-e-type=\"widget\" data-widget_type=\"heading.default\">\n\t\t\t\t<div class=\"elementor-widget-container\">\n\t\t\t\t\t<h1 class=\"elementor-heading-title elementor-size-default\">Any questions?<\/h1>\t\t\t\t<\/div>\n\t\t\t\t<\/div>\n\t\t\t\t<div class=\"elementor-element elementor-element-37185b14 elementor-widget elementor-widget-text-editor\" data-id=\"37185b14\" data-element_type=\"widget\" data-e-type=\"widget\" data-widget_type=\"text-editor.default\">\n\t\t\t\t<div class=\"elementor-widget-container\">\n\t\t\t\t\t\t\t\t\t<p>Get in contact with me, i will resolve your doubts<\/p>\n\t\t\t\t\t\t\t\t<\/div>\n\t\t\t\t<\/div>\n\t\t\t\t<div class=\"elementor-element elementor-element-428d93d elementor-align-center elementor-widget elementor-widget-button\" data-id=\"428d93d\" data-element_type=\"widget\" data-e-type=\"widget\" data-widget_type=\"button.default\">\n\t\t\t\t<div class=\"elementor-widget-container\">\n\t\t\t\t\t\t\t\t\t<div class=\"elementor-button-wrapper\">\n\t\t\t\t\t<a class=\"elementor-button elementor-button-link elementor-size-sm\" href=\"https:\/\/psicomotpediatrica.com\/contacto\/\">\n\t\t\t\t\t\t<span class=\"elementor-button-content-wrapper\">\n\t\t\t\t\t\t\t\t\t<span class=\"elementor-button-text\">contact<\/span>\n\t\t\t\t\t<\/span>\n\t\t\t\t\t<\/a>\n\t\t\t\t<\/div>\n\t\t\t\t\t\t\t\t<\/div>\n\t\t\t\t<\/div>\n\t\t\t\t\t<\/div>\n\t\t\t\t<\/div>\n\t\t\t\t<\/div>\n\t\t","protected":false},"excerpt":{"rendered":"<p>Who am i? Sophia Skalli &#8220;My name is Sophia and I am a psychomotor therapist. Two of my passions are baby development and movement. With over 11 years of clinical experience in neonatal and pediatric units, private consultations and foster homes for babies, I have specialized in infants, including premature babies, but also work with [&hellip;]<\/p>\n","protected":false},"author":1,"featured_media":0,"parent":0,"menu_order":0,"comment_status":"closed","ping_status":"closed","template":"elementor_header_footer","meta":{"footnotes":""},"class_list":["post-2355","page","type-page","status-publish","hentry"],"_links":{"self":[{"href":"https:\/\/psicomotpediatrica.com\/en\/wp-json\/wp\/v2\/pages\/2355","targetHints":{"allow":["GET"]}}],"collection":[{"href":"https:\/\/psicomotpediatrica.com\/en\/wp-json\/wp\/v2\/pages"}],"about":[{"href":"https:\/\/psicomotpediatrica.com\/en\/wp-json\/wp\/v2\/types\/page"}],"author":[{"embeddable":true,"href":"https:\/\/psicomotpediatrica.com\/en\/wp-json\/wp\/v2\/users\/1"}],"replies":[{"embeddable":true,"href":"https:\/\/psicomotpediatrica.com\/en\/wp-json\/wp\/v2\/comments?post=2355"}],"version-history":[{"count":3,"href":"https:\/\/psicomotpediatrica.com\/en\/wp-json\/wp\/v2\/pages\/2355\/revisions"}],"predecessor-version":[{"id":2358,"href":"https:\/\/psicomotpediatrica.com\/en\/wp-json\/wp\/v2\/pages\/2355\/revisions\/2358"}],"wp:attachment":[{"href":"https:\/\/psicomotpediatrica.com\/en\/wp-json\/wp\/v2\/media?parent=2355"}],"curies":[{"name":"wp","href":"https:\/\/api.w.org\/{rel}","templated":true}]}}